{"id":44,"date":"2026-04-03T15:01:18","date_gmt":"2026-04-03T18:01:18","guid":{"rendered":"https:\/\/wa.acwa.com.br\/?page_id=44"},"modified":"2026-04-03T20:25:15","modified_gmt":"2026-04-03T23:25:15","slug":"contato","status":"publish","type":"page","link":"https:\/\/wa.acwa.com.br\/?page_id=44","title":{"rendered":"Contato"},"content":{"rendered":"\t\t<div data-elementor-type=\"wp-page\" data-elementor-id=\"44\" class=\"elementor elementor-44\">\n\t\t\t\t<div class=\"elementor-element elementor-element-bd5f7aa e-flex e-con-boxed e-con e-parent\" data-id=\"bd5f7aa\" data-element_type=\"container\" data-e-type=\"container\">\n\t\t\t\t\t<div class=\"e-con-inner\">\n\t\t\t\t\t\t\t\t<p class=\"e-paragraph-base\" data-interaction-id=\"7e77398\"  >\n\t\t\t\t\t\t\t\tEntre em contato para informa\u00e7\u00f5es institucionais, esclarecimento de d\u00favidas e encaminhamento de demandas relacionadas ao Programa Waimiri Atroari.\n\t\t\t\t\t<\/p>\n\t\t\t\t\t<\/div>\n\t\t\t\t<\/div>\n\t\t\t\t<\/div>\n\t\t","protected":false},"excerpt":{"rendered":"<p>Entre em contato para informa\u00e7\u00f5es institucionais, esclarecimento de d\u00favidas e encaminhamento de demandas relacionadas ao Programa Waimiri Atroari.<\/p>\n","protected":false},"author":1,"featured_media":0,"parent":0,"menu_order":0,"comment_status":"closed","ping_status":"closed","template":"","meta":{"footnotes":""},"class_list":["post-44","page","type-page","status-publish","hentry"],"_links":{"self":[{"href":"https:\/\/wa.acwa.com.br\/index.php?rest_route=\/wp\/v2\/pages\/44","targetHints":{"allow":["GET"]}}],"collection":[{"href":"https:\/\/wa.acwa.com.br\/index.php?rest_route=\/wp\/v2\/pages"}],"about":[{"href":"https:\/\/wa.acwa.com.br\/index.php?rest_route=\/wp\/v2\/types\/page"}],"author":[{"embeddable":true,"href":"https:\/\/wa.acwa.com.br\/index.php?rest_route=\/wp\/v2\/users\/1"}],"replies":[{"embeddable":true,"href":"https:\/\/wa.acwa.com.br\/index.php?rest_route=%2Fwp%2Fv2%2Fcomments&post=44"}],"version-history":[{"count":10,"href":"https:\/\/wa.acwa.com.br\/index.php?rest_route=\/wp\/v2\/pages\/44\/revisions"}],"predecessor-version":[{"id":72,"href":"https:\/\/wa.acwa.com.br\/index.php?rest_route=\/wp\/v2\/pages\/44\/revisions\/72"}],"wp:attachment":[{"href":"https:\/\/wa.acwa.com.br\/index.php?rest_route=%2Fwp%2Fv2%2Fmedia&parent=44"}],"curies":[{"name":"wp","href":"https:\/\/api.w.org\/{rel}","templated":true}]}}