{"id":42,"date":"2026-04-03T14:59:32","date_gmt":"2026-04-03T17:59:32","guid":{"rendered":"https:\/\/wa.acwa.com.br\/?page_id=42"},"modified":"2026-04-03T15:55:34","modified_gmt":"2026-04-03T18:55:34","slug":"dados","status":"publish","type":"page","link":"https:\/\/wa.acwa.com.br\/?page_id=42","title":{"rendered":"Dados"},"content":{"rendered":"\t\t<div data-elementor-type=\"wp-page\" data-elementor-id=\"42\" class=\"elementor elementor-42\">\n\t\t\t\t<div class=\"elementor-element elementor-element-ad8e6cc e-flex e-con-boxed e-con e-parent\" data-id=\"ad8e6cc\" data-element_type=\"container\" data-e-type=\"container\">\n\t\t\t\t\t<div class=\"e-con-inner\">\n\t\t\t\t\t\t\t\t<p class=\"e-paragraph-base\" data-interaction-id=\"9c23cc7\"  >\n\t\t\t\t\t\t\t\tA p\u00e1gina Dados re\u00fane informa\u00e7\u00f5es, indicadores, registros e conte\u00fados institucionais relacionados ao Programa Waimiri Atroari, permitindo a consulta organizada de dados relevantes para acompanhamento e refer\u00eancia.\n\t\t\t\t\t<\/p>\n\t\t\t\t\t<\/div>\n\t\t\t\t<\/div>\n\t\t\t\t<\/div>\n\t\t","protected":false},"excerpt":{"rendered":"<p>A p\u00e1gina Dados re\u00fane informa\u00e7\u00f5es, indicadores, registros e conte\u00fados institucionais relacionados ao Programa Waimiri Atroari, permitindo a consulta organizada de dados relevantes para acompanhamento e refer\u00eancia.<\/p>\n","protected":false},"author":1,"featured_media":0,"parent":0,"menu_order":0,"comment_status":"closed","ping_status":"closed","template":"","meta":{"footnotes":""},"class_list":["post-42","page","type-page","status-publish","hentry"],"_links":{"self":[{"href":"https:\/\/wa.acwa.com.br\/index.php?rest_route=\/wp\/v2\/pages\/42","targetHints":{"allow":["GET"]}}],"collection":[{"href":"https:\/\/wa.acwa.com.br\/index.php?rest_route=\/wp\/v2\/pages"}],"about":[{"href":"https:\/\/wa.acwa.com.br\/index.php?rest_route=\/wp\/v2\/types\/page"}],"author":[{"embeddable":true,"href":"https:\/\/wa.acwa.com.br\/index.php?rest_route=\/wp\/v2\/users\/1"}],"replies":[{"embeddable":true,"href":"https:\/\/wa.acwa.com.br\/index.php?rest_route=%2Fwp%2Fv2%2Fcomments&post=42"}],"version-history":[{"count":4,"href":"https:\/\/wa.acwa.com.br\/index.php?rest_route=\/wp\/v2\/pages\/42\/revisions"}],"predecessor-version":[{"id":62,"href":"https:\/\/wa.acwa.com.br\/index.php?rest_route=\/wp\/v2\/pages\/42\/revisions\/62"}],"wp:attachment":[{"href":"https:\/\/wa.acwa.com.br\/index.php?rest_route=%2Fwp%2Fv2%2Fmedia&parent=42"}],"curies":[{"name":"wp","href":"https:\/\/api.w.org\/{rel}","templated":true}]}}