{"id":40,"date":"2026-04-03T14:58:38","date_gmt":"2026-04-03T17:58:38","guid":{"rendered":"https:\/\/wa.acwa.com.br\/?page_id=40"},"modified":"2026-04-03T15:48:58","modified_gmt":"2026-04-03T18:48:58","slug":"programa","status":"publish","type":"page","link":"https:\/\/wa.acwa.com.br\/?page_id=40","title":{"rendered":"Programa"},"content":{"rendered":"\t\t<div data-elementor-type=\"wp-page\" data-elementor-id=\"40\" class=\"elementor elementor-40\">\n\t\t\t\t<div class=\"elementor-element elementor-element-7d1c636 e-flex e-con-boxed e-con e-parent\" data-id=\"7d1c636\" data-element_type=\"container\" data-e-type=\"container\">\n\t\t\t\t\t<div class=\"e-con-inner\">\n\t\t\t\t\t\t\t\t<p class=\"e-paragraph-base\" data-interaction-id=\"4857bb4\"  >\n\t\t\t\t\t\t\t\tA p\u00e1gina Programa apresenta as principais a\u00e7\u00f5es desenvolvidas no \u00e2mbito do Programa Waimiri Atroari, com foco na prote\u00e7\u00e3o territorial, na valoriza\u00e7\u00e3o cultural, no acompanhamento institucional e na divulga\u00e7\u00e3o de informa\u00e7\u00f5es relevantes sobre sua atua\u00e7\u00e3o.\n\t\t\t\t\t<\/p>\n\t\t\t\t\t<\/div>\n\t\t\t\t<\/div>\n\t\t\t\t<\/div>\n\t\t","protected":false},"excerpt":{"rendered":"<p>A p\u00e1gina Programa apresenta as principais a\u00e7\u00f5es desenvolvidas no \u00e2mbito do Programa Waimiri Atroari, com foco na prote\u00e7\u00e3o territorial, na valoriza\u00e7\u00e3o cultural, no acompanhamento institucional e na divulga\u00e7\u00e3o de informa\u00e7\u00f5es relevantes sobre sua atua\u00e7\u00e3o.<\/p>\n","protected":false},"author":1,"featured_media":0,"parent":0,"menu_order":0,"comment_status":"closed","ping_status":"closed","template":"","meta":{"footnotes":""},"class_list":["post-40","page","type-page","status-publish","hentry"],"_links":{"self":[{"href":"https:\/\/wa.acwa.com.br\/index.php?rest_route=\/wp\/v2\/pages\/40","targetHints":{"allow":["GET"]}}],"collection":[{"href":"https:\/\/wa.acwa.com.br\/index.php?rest_route=\/wp\/v2\/pages"}],"about":[{"href":"https:\/\/wa.acwa.com.br\/index.php?rest_route=\/wp\/v2\/types\/page"}],"author":[{"embeddable":true,"href":"https:\/\/wa.acwa.com.br\/index.php?rest_route=\/wp\/v2\/users\/1"}],"replies":[{"embeddable":true,"href":"https:\/\/wa.acwa.com.br\/index.php?rest_route=%2Fwp%2Fv2%2Fcomments&post=40"}],"version-history":[{"count":4,"href":"https:\/\/wa.acwa.com.br\/index.php?rest_route=\/wp\/v2\/pages\/40\/revisions"}],"predecessor-version":[{"id":58,"href":"https:\/\/wa.acwa.com.br\/index.php?rest_route=\/wp\/v2\/pages\/40\/revisions\/58"}],"wp:attachment":[{"href":"https:\/\/wa.acwa.com.br\/index.php?rest_route=%2Fwp%2Fv2%2Fmedia&parent=40"}],"curies":[{"name":"wp","href":"https:\/\/api.w.org\/{rel}","templated":true}]}}