{"id":36,"date":"2026-04-03T14:54:27","date_gmt":"2026-04-03T17:54:27","guid":{"rendered":"https:\/\/wa.acwa.com.br\/?page_id=36"},"modified":"2026-04-03T15:40:51","modified_gmt":"2026-04-03T18:40:51","slug":"sobre-nos","status":"publish","type":"page","link":"https:\/\/wa.acwa.com.br\/?page_id=36","title":{"rendered":"Sobre N\u00f3s"},"content":{"rendered":"\t\t<div data-elementor-type=\"wp-page\" data-elementor-id=\"36\" class=\"elementor elementor-36\">\n\t\t\t\t<div class=\"elementor-element elementor-element-69b93e3 e-flex e-con-boxed e-con e-parent\" data-id=\"69b93e3\" data-element_type=\"container\" data-e-type=\"container\">\n\t\t\t\t\t<div class=\"e-con-inner\">\n\t\t\t\t\t\t\t\t<p class=\"e-paragraph-base\" data-interaction-id=\"741b48e\"  >\n\t\t\t\t\t\t\t\tO Programa Waimiri Atroari desenvolve a\u00e7\u00f5es voltadas \u00e0 prote\u00e7\u00e3o territorial, \u00e0 valoriza\u00e7\u00e3o cultural e ao acompanhamento de iniciativas institucionais relacionadas ao povo Waimiri Atroari. Esta p\u00e1gina tem como objetivo apresentar informa\u00e7\u00f5es gerais sobre sua atua\u00e7\u00e3o, seus princ\u00edpios e sua import\u00e2ncia.\n\t\t\t\t\t<\/p>\n\t\t\t\t\t<\/div>\n\t\t\t\t<\/div>\n\t\t\t\t<\/div>\n\t\t","protected":false},"excerpt":{"rendered":"<p>O Programa Waimiri Atroari desenvolve a\u00e7\u00f5es voltadas \u00e0 prote\u00e7\u00e3o territorial, \u00e0 valoriza\u00e7\u00e3o cultural e ao acompanhamento de iniciativas institucionais relacionadas ao povo Waimiri Atroari. Esta p\u00e1gina tem como objetivo apresentar informa\u00e7\u00f5es gerais sobre sua atua\u00e7\u00e3o, seus princ\u00edpios e sua import\u00e2ncia.<\/p>\n","protected":false},"author":1,"featured_media":0,"parent":0,"menu_order":0,"comment_status":"closed","ping_status":"closed","template":"","meta":{"footnotes":""},"class_list":["post-36","page","type-page","status-publish","hentry"],"_links":{"self":[{"href":"https:\/\/wa.acwa.com.br\/index.php?rest_route=\/wp\/v2\/pages\/36","targetHints":{"allow":["GET"]}}],"collection":[{"href":"https:\/\/wa.acwa.com.br\/index.php?rest_route=\/wp\/v2\/pages"}],"about":[{"href":"https:\/\/wa.acwa.com.br\/index.php?rest_route=\/wp\/v2\/types\/page"}],"author":[{"embeddable":true,"href":"https:\/\/wa.acwa.com.br\/index.php?rest_route=\/wp\/v2\/users\/1"}],"replies":[{"embeddable":true,"href":"https:\/\/wa.acwa.com.br\/index.php?rest_route=%2Fwp%2Fv2%2Fcomments&post=36"}],"version-history":[{"count":4,"href":"https:\/\/wa.acwa.com.br\/index.php?rest_route=\/wp\/v2\/pages\/36\/revisions"}],"predecessor-version":[{"id":54,"href":"https:\/\/wa.acwa.com.br\/index.php?rest_route=\/wp\/v2\/pages\/36\/revisions\/54"}],"wp:attachment":[{"href":"https:\/\/wa.acwa.com.br\/index.php?rest_route=%2Fwp%2Fv2%2Fmedia&parent=36"}],"curies":[{"name":"wp","href":"https:\/\/api.w.org\/{rel}","templated":true}]}}